{"id":29,"date":"2016-02-26T18:47:58","date_gmt":"2016-02-26T17:47:58","guid":{"rendered":"http:\/\/2016.eule-dresden.de\/?page_id=29"},"modified":"2023-11-06T14:55:02","modified_gmt":"2023-11-06T13:55:02","slug":"kontakt","status":"publish","type":"page","link":"https:\/\/eule-dresden.de\/?page_id=29","title":{"rendered":"Kontakt"},"content":{"rendered":"<div class=\"row\">\n<div class=\"col-sm-6\">\n<h2>Mietwirtschaft &#8222;Zur Eule&#8220;<\/h2>\n<p>W.O.K. Eventcatering GmbH &amp; Co. KG<br \/>\nFriedrich-Wieck-Str. 18<br \/>\n01326 Dresden<br \/>\nTelefon: 0351 263 1401<\/p>\n<p><strong>Feiertelefon: 0351 2631401<\/strong><\/p>\n<p>Email: <a href=\"mailto:info@eule-dresden.de\">info@eule-dresden.de<\/a><\/p>\n<p>Gesch\u00e4ftsf\u00fchrung: Andreas W\u00fcnsche, Ralf Opitz<br \/>\nUmsatzsteuer-Identifikationsnummer gem\u00e4\u00df \u00a7 27 a Umsatzsteuergesetz: DE 242647370<\/p>\n<p>Amtsgericht Dresden HRA 10889<\/p>\n<p>Die W.O.K. Eventcatering GmbH &amp; Co. KG wird vertreten durch die<\/p>\n<p>W.O.K. Gesch\u00e4ftsf\u00fchrungs GmbH<br \/>\nAmtsgericht Dresden<br \/>\nHRB 19599<\/p>\n<p>vertreten durch Gesch\u00e4ftsf\u00fchrer Andreas W\u00fcnsche und Ralf Opitz<\/p>\n<\/div>\n<div class=\"col-sm-6\"><iframe loading=\"lazy\" style=\"border: 0;\" src=\"https:\/\/www.google.com\/maps\/embed?pb=!1m18!1m12!1m3!1d2507.6651537592566!2d13.831400951465397!3d51.05927035108933!2m3!1f0!2f0!3f0!3m2!1i1024!2i768!4f13.1!3m3!1m2!1s0x417190ed6ee8c2c3%3A0x33f36fcc01898cb0!2sMietwirtschaft+%22Zur+Eule%22!5e0!3m2!1sde!2sde!4v1487266049734\" width=\"800\" height=\"600\" frameborder=\"0\" allowfullscreen=\"allowfullscreen\"><\/iframe><\/div>\n<\/div>\n<h3>Haftung f\u00fcr Inhalte<\/h3>\n<p>Die Inhalte unserer Seiten wurden mit gr\u00f6\u00dfter Sorgfalt erstellt. F\u00fcr die Richtigkeit, Vollst\u00e4ndigkeit und Aktualit\u00e4t der Inhalte k\u00f6nnen wir jedoch keine Gew\u00e4hr \u00fcbernehmen. Als Diensteanbieter sind wir gem\u00e4\u00df \u00a7 7 Abs.1 TMG f\u00fcr eigene Inhalte auf diesen Seiten nach den allgemeinen Gesetzen verantwortlich. Nach \u00a7\u00a7 8 bis 10 TMG sind wir als Diensteanbieter jedoch nicht verpflichtet, \u00fcbermittelte oder gespeicherte fremde Informationen zu \u00fcberwachen oder nach Umst\u00e4nden zu forschen, die auf eine rechtswidrige T\u00e4tigkeit hinweisen. Verpflichtungen zur Entfernung oder Sperrung der Nutzung von Informationen nach den allgemeinen Gesetzen bleiben hiervon unber\u00fchrt. Eine diesbez\u00fcgliche Haftung ist jedoch erst ab dem Zeitpunkt der Kenntnis einer konkreten Rechtsverletzung m\u00f6glich. Bei Bekanntwerden von entsprechenden Rechtsverletzungen werden wir diese Inhalte umgehend entfernen.<\/p>\n<h3>Haftung f\u00fcr Links<\/h3>\n<p>Unser Angebot enth\u00e4lt Links zu externen Webseiten Dritter, auf deren Inhalte wir keinen Einfluss haben. Deshalb k\u00f6nnen wir f\u00fcr diese fremden Inhalte auch keine Gew\u00e4hr \u00fcbernehmen. F\u00fcr die Inhalte der verlinkten Seiten ist stets der jeweilige Anbieter oder Betreiber der Seiten verantwortlich. Die verlinkten Seiten wurden zum Zeitpunkt der Verlinkung auf m\u00f6gliche Rechtsverst\u00f6\u00dfe \u00fcberpr\u00fcft. Rechtswidrige Inhalte waren zum Zeitpunkt der Verlinkung nicht erkennbar. Eine permanente inhaltliche Kontrolle der verlinkten Seiten ist jedoch ohne konkrete Anhaltspunkte einer Rechtsverletzung nicht zumutbar. Bei Bekanntwerden von Rechtsverletzungen werden wir derartige Links umgehend entfernen.<\/p>\n","protected":false},"excerpt":{"rendered":"<p>Mietwirtschaft &#8222;Zur Eule&#8220; W.O.K. Eventcatering GmbH &amp; Co. KG Friedrich-Wieck-Str. 18 01326 Dresden Telefon: 0351 263 1401 Feiertelefon: 0351 2631401 Email: info@eule-dresden.de Gesch\u00e4ftsf\u00fchrung: Andreas W\u00fcnsche, Ralf Opitz Umsatzsteuer-Identifikationsnummer gem\u00e4\u00df \u00a7 27 a Umsatzsteuergesetz: DE 242647370 Amtsgericht Dresden HRA 10889 Die W.O.K. Eventcatering GmbH &amp; Co. KG wird vertreten durch die W.O.K. Gesch\u00e4ftsf\u00fchrungs GmbH Amtsgericht Dresden&#8230; <br \/><a class=\"read-more btn btn-default btn-xs\" title=\"weiter lesen\" href=\"https:\/\/eule-dresden.de\/?page_id=29\"> weiter lesen<\/a><\/p>\n","protected":false},"author":1,"featured_media":0,"parent":0,"menu_order":0,"comment_status":"closed","ping_status":"closed","template":"","meta":{"_featured_slider_tag":"","footnotes":""},"class_list":["post-29","page","type-page","status-publish","hentry"],"_links":{"self":[{"href":"https:\/\/eule-dresden.de\/index.php?rest_route=\/wp\/v2\/pages\/29","targetHints":{"allow":["GET"]}}],"collection":[{"href":"https:\/\/eule-dresden.de\/index.php?rest_route=\/wp\/v2\/pages"}],"about":[{"href":"https:\/\/eule-dresden.de\/index.php?rest_route=\/wp\/v2\/types\/page"}],"author":[{"embeddable":true,"href":"https:\/\/eule-dresden.de\/index.php?rest_route=\/wp\/v2\/users\/1"}],"replies":[{"embeddable":true,"href":"https:\/\/eule-dresden.de\/index.php?rest_route=%2Fwp%2Fv2%2Fcomments&post=29"}],"version-history":[{"count":12,"href":"https:\/\/eule-dresden.de\/index.php?rest_route=\/wp\/v2\/pages\/29\/revisions"}],"predecessor-version":[{"id":557,"href":"https:\/\/eule-dresden.de\/index.php?rest_route=\/wp\/v2\/pages\/29\/revisions\/557"}],"wp:attachment":[{"href":"https:\/\/eule-dresden.de\/index.php?rest_route=%2Fwp%2Fv2%2Fmedia&parent=29"}],"curies":[{"name":"wp","href":"https:\/\/api.w.org\/{rel}","templated":true}]}}