{"id":2,"date":"2016-02-26T01:13:09","date_gmt":"2016-02-26T00:13:09","guid":{"rendered":"http:\/\/2016.eule-dresden.de\/?page_id=2"},"modified":"2021-10-16T13:00:51","modified_gmt":"2021-10-16T11:00:51","slug":"beispiel-seite","status":"publish","type":"page","link":"https:\/\/eule-dresden.de\/","title":{"rendered":"Individuell Feiern und Genie\u00dfen"},"content":{"rendered":"<p>W.O.K.- Catering steht f\u00fcr Qualit\u00e4t, Leidenschaft und Service in Dresden und Umgebung. Frische, saisonale und regionale Produkte sind f\u00fcr uns genauso selbstverst\u00e4ndlich wie eine umfassende Betreuung durch qualifiziertes Servicepersonal. In der Eule feiern Sie mit allem Drum und Dran.<\/p>\n<p><a class=\"btn btn-default btn-lg\" href=\"#anfrage\">zur Anfrage<\/a><\/p>\n","protected":false},"excerpt":{"rendered":"<p>W.O.K.- Catering steht f\u00fcr Qualit\u00e4t, Leidenschaft und Service in Dresden und Umgebung. Frische, saisonale und regionale Produkte sind f\u00fcr uns genauso selbstverst\u00e4ndlich wie eine umfassende Betreuung durch qualifiziertes Servicepersonal. In der Eule feiern Sie mit allem Drum und Dran. zur Anfrage<\/p>\n","protected":false},"author":1,"featured_media":347,"parent":0,"menu_order":1,"comment_status":"closed","ping_status":"open","template":"","meta":{"_featured_slider_tag":"","footnotes":""},"class_list":["post-2","page","type-page","status-publish","has-post-thumbnail","hentry"],"_links":{"self":[{"href":"https:\/\/eule-dresden.de\/index.php?rest_route=\/wp\/v2\/pages\/2","targetHints":{"allow":["GET"]}}],"collection":[{"href":"https:\/\/eule-dresden.de\/index.php?rest_route=\/wp\/v2\/pages"}],"about":[{"href":"https:\/\/eule-dresden.de\/index.php?rest_route=\/wp\/v2\/types\/page"}],"author":[{"embeddable":true,"href":"https:\/\/eule-dresden.de\/index.php?rest_route=\/wp\/v2\/users\/1"}],"replies":[{"embeddable":true,"href":"https:\/\/eule-dresden.de\/index.php?rest_route=%2Fwp%2Fv2%2Fcomments&post=2"}],"version-history":[{"count":24,"href":"https:\/\/eule-dresden.de\/index.php?rest_route=\/wp\/v2\/pages\/2\/revisions"}],"predecessor-version":[{"id":552,"href":"https:\/\/eule-dresden.de\/index.php?rest_route=\/wp\/v2\/pages\/2\/revisions\/552"}],"wp:featuredmedia":[{"embeddable":true,"href":"https:\/\/eule-dresden.de\/index.php?rest_route=\/wp\/v2\/media\/347"}],"wp:attachment":[{"href":"https:\/\/eule-dresden.de\/index.php?rest_route=%2Fwp%2Fv2%2Fmedia&parent=2"}],"curies":[{"name":"wp","href":"https:\/\/api.w.org\/{rel}","templated":true}]}}